{"id":249,"date":"2024-11-18T22:05:39","date_gmt":"2024-11-19T01:05:39","guid":{"rendered":"https:\/\/helpinfancia.com.br\/help\/?page_id=249"},"modified":"2024-11-18T22:05:41","modified_gmt":"2024-11-19T01:05:41","slug":"politica-de-privacidade","status":"publish","type":"page","link":"https:\/\/helpinfancia.com.br\/help\/politica-de-privacidade\/","title":{"rendered":"Pol\u00edtica de privacidade"},"content":{"rendered":"\n<p><\/p>\n\n\n\n<p>Ao utilizar este sistema, voc\u00ea concorda com os seguintes termos:<\/p>\n\n\n\n<h2 class=\"wp-block-heading\"><strong>1. Coleta de Informa\u00e7\u00f5es:<\/strong>\u00a0<\/h2>\n\n\n\n<p>O Help Inf\u00e2ncia coleta obrigatoriamente o seu endere\u00e7o de e-mail. Al\u00e9m do e-mail, voc\u00ea tem a op\u00e7\u00e3o de fornecer seu nome e n\u00famero de telefone caso estes campos estejam dispon\u00edveis, mas esta informa\u00e7\u00e3o \u00e9 estritamente opcional.<\/p>\n\n\n\n<h2 class=\"wp-block-heading\"><strong>2. Conformidade com a LGPD:<\/strong><\/h2>\n\n\n\n<p>\u00a0O Help Inf\u00e2ncia est\u00e1 em conformidade com a Lei Geral de Prote\u00e7\u00e3o de Dados (LGPD &#8211; Lei n\u00ba 13.709\/2018). As informa\u00e7\u00f5es coletadas s\u00e3o tratadas de acordo com os princ\u00edpios de privacidade e seguran\u00e7a estabelecidos pela LGPD.<\/p>\n\n\n\n<h2 class=\"wp-block-heading\"><strong>3. Uso das Informa\u00e7\u00f5es:<\/strong>\u00a0<\/h2>\n\n\n\n<p>Todas as informa\u00e7\u00f5es coletadas s\u00e3o utilizadas exclusivamente para ajudar voc\u00ea, o respondente, de forma customizada, a lidar com as dificuldades informadas. O seu endere\u00e7o de e-mail ser\u00e1 usado para entrar em contato com voc\u00ea e fornecer informa\u00e7\u00f5es, relat\u00f3rios e ofertas de produtos que possam auxili\u00e1-lo na supera\u00e7\u00e3o das dificuldades informadas.<\/p>\n\n\n\n<h2 class=\"wp-block-heading\"><strong>4. Confidencialidade:<\/strong><\/h2>\n\n\n\n<p>Nenhuma informa\u00e7\u00e3o fornecida no formul\u00e1rio, seja o seu endere\u00e7o de e-mail, nome ou n\u00famero de telefone, ser\u00e1 divulgada, vendida ou compartilhada com terceiros sem o seu consentimento expresso. Garantimos a confidencialidade e a seguran\u00e7a dos dados pessoais fornecidos.<\/p>\n\n\n\n<h2 class=\"wp-block-heading\"><strong>5. Direitos do Titular dos Dados:<\/strong><\/h2>\n\n\n\n<p>\u00a0Voc\u00ea tem o direito de acessar, retificar, excluir ou solicitar a portabilidade dos seus dados pessoais a qualquer momento. Para exercer esses direitos ou fazer qualquer pergunta relacionada \u00e0 privacidade, entre em contato conosco por meio das informa\u00e7\u00f5es fornecidas no formul\u00e1rio.<\/p>\n\n\n\n<h2 class=\"wp-block-heading\"><strong>6. Consentimento:<\/strong><\/h2>\n\n\n\n<p>Ao usar este formul\u00e1rio, voc\u00ea est\u00e1 dando seu consentimento para a coleta, processamento e uso das informa\u00e7\u00f5es de acordo com os termos aqui estabelecidos.<\/p>\n\n\n\n<p>Lembramos que \u00e9 de extrema import\u00e2ncia fornecer informa\u00e7\u00f5es precisas e atualizadas. Caso tenha alguma d\u00favida ou preocupa\u00e7\u00e3o em rela\u00e7\u00e3o a estes termos e condi\u00e7\u00f5es, pedimos que entre em contato conosco antes de prosseguir com o preenchimento do formul\u00e1rio.<\/p>\n\n\n\n<p>Agradecemos por utilizar o Help Inf\u00e2ncia e por confiar em n\u00f3s para ajud\u00e1-lo a enfrentar as dificuldades informadas.<\/p>\n\n\n\n<p>Data de entrada em vigor: 01\/09\/2023<br>\u00daltima atualiza\u00e7\u00e3o: 19\/09\/2023<br>v.1.1<\/p>\n","protected":false},"excerpt":{"rendered":"<p>Ao utilizar este sistema, voc\u00ea concorda com os seguintes termos: 1. Coleta de Informa\u00e7\u00f5es:\u00a0 O Help Inf\u00e2ncia coleta obrigatoriamente o seu endere\u00e7o de e-mail. Al\u00e9m do e-mail, voc\u00ea tem a op\u00e7\u00e3o de fornecer seu nome e n\u00famero de telefone caso estes campos estejam dispon\u00edveis, mas esta informa\u00e7\u00e3o \u00e9 estritamente opcional. 2. Conformidade com a LGPD:&#8230;<\/p>\n","protected":false},"author":1,"featured_media":0,"parent":0,"menu_order":0,"comment_status":"closed","ping_status":"closed","template":"","meta":{"_siteseo_robots_primary_cat":"","footnotes":""},"class_list":["post-249","page","type-page","status-publish","hentry"],"_links":{"self":[{"href":"https:\/\/helpinfancia.com.br\/help\/wp-json\/wp\/v2\/pages\/249","targetHints":{"allow":["GET"]}}],"collection":[{"href":"https:\/\/helpinfancia.com.br\/help\/wp-json\/wp\/v2\/pages"}],"about":[{"href":"https:\/\/helpinfancia.com.br\/help\/wp-json\/wp\/v2\/types\/page"}],"author":[{"embeddable":true,"href":"https:\/\/helpinfancia.com.br\/help\/wp-json\/wp\/v2\/users\/1"}],"replies":[{"embeddable":true,"href":"https:\/\/helpinfancia.com.br\/help\/wp-json\/wp\/v2\/comments?post=249"}],"version-history":[{"count":1,"href":"https:\/\/helpinfancia.com.br\/help\/wp-json\/wp\/v2\/pages\/249\/revisions"}],"predecessor-version":[{"id":252,"href":"https:\/\/helpinfancia.com.br\/help\/wp-json\/wp\/v2\/pages\/249\/revisions\/252"}],"wp:attachment":[{"href":"https:\/\/helpinfancia.com.br\/help\/wp-json\/wp\/v2\/media?parent=249"}],"curies":[{"name":"wp","href":"https:\/\/api.w.org\/{rel}","templated":true}]}}